{"id":23,"date":"2026-03-10T20:10:47","date_gmt":"2026-03-10T20:10:47","guid":{"rendered":"https:\/\/joomlaxtc.com\/fr\/avertissement\/"},"modified":"2026-03-10T20:10:47","modified_gmt":"2026-03-10T20:10:47","slug":"avertissement","status":"publish","type":"page","link":"https:\/\/joomlaxtc.com\/fr\/avertissement\/","title":{"rendered":"Avertissement"},"content":{"rendered":"<h2>Avertissement<\/h2>\n<p><strong>Derni\u00e8re mise \u00e0 jour : 10 mars 2026<\/strong><\/p>\n<h3>Ind\u00e9pendance \u00e9ditoriale<\/h3>\n<p>JoomlaXTC.com est un site de ressources Joomla ind\u00e9pendant. Nous ne sommes affili\u00e9s \u00e0 Open Source Matters, Inc. ni au projet officiel Joomla. Nos avis, comparaisons et recommandations sont bas\u00e9s sur nos propres tests et exp\u00e9riences.<\/p>\n<h3>Divulgation d&#8217;affiliation<\/h3>\n<p>Certains liens sur notre site peuvent \u00eatre des liens d&#8217;affiliation, ce qui signifie que nous recevons une petite commission si vous effectuez un achat via ceux-ci. Cela n&#8217;affecte pas notre ind\u00e9pendance \u00e9ditoriale ni le prix que vous payez. Nous ne recommandons que les produits et services que nous avons test\u00e9s et que nous estimons apporter une r\u00e9elle valeur aux utilisateurs de Joomla.<\/p>\n<h3>Aucun conseil professionnel<\/h3>\n<p>Le contenu de JoomlaXTC.com est uniquement \u00e0 des fins informatives et ne doit pas \u00eatre consid\u00e9r\u00e9 comme un conseil professionnel. Sauvegardez toujours votre site avant d&#8217;apporter des modifications bas\u00e9es sur nos tutoriels. Nous recommandons de tester les modifications dans un environnement de pr\u00e9production avant de les appliquer \u00e0 un site en production.<\/p>\n<h3>Exactitude<\/h3>\n<p>Bien que nous fassions tout notre possible pour garantir que notre contenu est pr\u00e9cis et \u00e0 jour, l&#8217;\u00e9cosyst\u00e8me Joomla \u00e9volue rapidement. Les fonctionnalit\u00e9s des extensions, les prix, la compatibilit\u00e9 et la disponibilit\u00e9 peuvent changer. Nous encourageons les lecteurs \u00e0 v\u00e9rifier les informations aupr\u00e8s des sources officielles avant de prendre des d\u00e9cisions.<\/p>\n","protected":false},"excerpt":{"rendered":"<p>Avertissement Derni\u00e8re mise \u00e0 jour : 10 mars 2026 Ind\u00e9pendance \u00e9ditoriale JoomlaXTC.com est un site de ressources Joomla ind\u00e9pendant. Nous ne sommes affili\u00e9s \u00e0 Open Source Matters, Inc. ni au projet officiel Joomla. Nos avis, comparaisons et recommandations sont bas\u00e9s sur nos propres tests et exp\u00e9riences. Divulgation d&#8217;affiliation Certains liens sur notre site peuvent \u00eatre [&hellip;]<\/p>\n","protected":false},"author":0,"featured_media":0,"parent":0,"menu_order":0,"comment_status":"closed","ping_status":"closed","template":"","meta":{"footnotes":""},"class_list":["post-23","page","type-page","status-publish","hentry"],"blocksy_meta":[],"_links":{"self":[{"href":"https:\/\/joomlaxtc.com\/fr\/wp-json\/wp\/v2\/pages\/23","targetHints":{"allow":["GET"]}}],"collection":[{"href":"https:\/\/joomlaxtc.com\/fr\/wp-json\/wp\/v2\/pages"}],"about":[{"href":"https:\/\/joomlaxtc.com\/fr\/wp-json\/wp\/v2\/types\/page"}],"replies":[{"embeddable":true,"href":"https:\/\/joomlaxtc.com\/fr\/wp-json\/wp\/v2\/comments?post=23"}],"version-history":[{"count":0,"href":"https:\/\/joomlaxtc.com\/fr\/wp-json\/wp\/v2\/pages\/23\/revisions"}],"wp:attachment":[{"href":"https:\/\/joomlaxtc.com\/fr\/wp-json\/wp\/v2\/media?parent=23"}],"curies":[{"name":"wp","href":"https:\/\/api.w.org\/{rel}","templated":true}]}}