{"id":33,"date":"2026-03-10T19:22:20","date_gmt":"2026-03-10T19:22:20","guid":{"rendered":"https:\/\/joomlaxtc.com\/fi\/vastuuvapauslauseke\/"},"modified":"2026-03-10T19:22:20","modified_gmt":"2026-03-10T19:22:20","slug":"vastuuvapauslauseke","status":"publish","type":"page","link":"https:\/\/joomlaxtc.com\/fi\/vastuuvapauslauseke\/","title":{"rendered":"Vastuuvapauslauseke"},"content":{"rendered":"<h2>Vastuuvapauslauseke<\/h2>\n<p><strong>Viimeksi p\u00e4ivitetty: 10. maaliskuuta 2026<\/strong><\/p>\n<h3>Toimituksellinen riippumattomuus<\/h3>\n<p>JoomlaXTC.com on itsen\u00e4inen Joomla-resurssisivusto. Emme ole yhteydess\u00e4 Open Source Matters, Inc.:n tai viralliseen Joomla-projektiin. Arvostelumme, vertailumme ja suosituksemme perustuvat omaan testaukseen ja kokemukseemme.<\/p>\n<h3>Affiliate-palvelun ilmoitus<\/h3>\n<p>Jotkut sivustomme linkit voivat olla affiliate-linkkej\u00e4, mik\u00e4 tarkoittaa, ett\u00e4 ansaitsemme pienen provision, jos teet ostoksen niiden kautta. T\u00e4m\u00e4 ei vaikuta toimitukselliseen riippumattomuuteemme tai maksamaasi hintaan. Suosittelemme vain tuotteita ja palveluja, joita olemme testanneet ja jotka uskomme tarjoavan aitoa arvoa Joomla-k\u00e4ytt\u00e4jille.<\/p>\n<h3>Ei ammatillista neuvontaa<\/h3>\n<p>JoomlaXTC.com-sivuston sis\u00e4lt\u00f6 on tarkoitettu vain tiedotustarkoituksiin, eik\u00e4 sit\u00e4 tule pit\u00e4\u00e4 ammatillisena neuvontana. Varmista aina verkkosivustosi varmuuskopio ennen kuin teet muutoksia opetusohjeidemme perusteella. Suosittelemme testaamaan muutokset testausymp\u00e4rist\u00f6ss\u00e4 ennen kuin otat ne k\u00e4ytt\u00f6\u00f6n live-sivustolla.<\/p>\n<h3>Tarkkuus<\/h3>\n<p>Vaikka pyrimme tekem\u00e4\u00e4n kaikkeni varmistaaksemme, ett\u00e4 sis\u00e4lt\u00f6mme on tarkkaa ja ajantasaista, Joomla-ekosysteemi kehittyy nopeasti. Laajennusten ominaisuudet, hinnoittelu, yhteensopivuus ja saatavuus voivat muuttua. Kehotamme lukijoita tarkistamaan tiedot virallisista l\u00e4hteist\u00e4 ennen p\u00e4\u00e4t\u00f6sten tekemist\u00e4.<\/p>\n","protected":false},"excerpt":{"rendered":"<p>Vastuuvapauslauseke Viimeksi p\u00e4ivitetty: 10. maaliskuuta 2026 Toimituksellinen riippumattomuus JoomlaXTC.com on itsen\u00e4inen Joomla-resurssisivusto. Emme ole yhteydess\u00e4 Open Source Matters, Inc.:n tai viralliseen Joomla-projektiin. Arvostelumme, vertailumme ja suosituksemme perustuvat omaan testaukseen ja kokemukseemme. Affiliate-palvelun ilmoitus Jotkut sivustomme linkit voivat olla affiliate-linkkej\u00e4, mik\u00e4 tarkoittaa, ett\u00e4 ansaitsemme pienen provision, jos teet ostoksen niiden kautta. T\u00e4m\u00e4 ei vaikuta toimitukselliseen riippumattomuuteemme [&hellip;]<\/p>\n","protected":false},"author":1,"featured_media":0,"parent":0,"menu_order":0,"comment_status":"closed","ping_status":"closed","template":"","meta":{"footnotes":""},"class_list":["post-33","page","type-page","status-publish","hentry"],"blocksy_meta":[],"_links":{"self":[{"href":"https:\/\/joomlaxtc.com\/fi\/wp-json\/wp\/v2\/pages\/33","targetHints":{"allow":["GET"]}}],"collection":[{"href":"https:\/\/joomlaxtc.com\/fi\/wp-json\/wp\/v2\/pages"}],"about":[{"href":"https:\/\/joomlaxtc.com\/fi\/wp-json\/wp\/v2\/types\/page"}],"author":[{"embeddable":true,"href":"https:\/\/joomlaxtc.com\/fi\/wp-json\/wp\/v2\/users\/1"}],"replies":[{"embeddable":true,"href":"https:\/\/joomlaxtc.com\/fi\/wp-json\/wp\/v2\/comments?post=33"}],"version-history":[{"count":0,"href":"https:\/\/joomlaxtc.com\/fi\/wp-json\/wp\/v2\/pages\/33\/revisions"}],"wp:attachment":[{"href":"https:\/\/joomlaxtc.com\/fi\/wp-json\/wp\/v2\/media?parent=33"}],"curies":[{"name":"wp","href":"https:\/\/api.w.org\/{rel}","templated":true}]}}